{"id":161,"date":"2021-10-08T13:24:34","date_gmt":"2021-10-08T11:24:34","guid":{"rendered":"https:\/\/cdl-meri.boku.ac.at\/wordpress\/?page_id=161"},"modified":"2022-02-22T09:55:54","modified_gmt":"2022-02-22T08:55:54","slug":"wissenschaftliche-kooperationen","status":"publish","type":"page","link":"https:\/\/cdl-meri.boku.ac.at\/wordpress\/wissenschaftliche-kooperationen\/","title":{"rendered":"Wissenschaftliche Kooperationen"},"content":{"rendered":"\t\t<div data-elementor-type=\"wp-page\" data-elementor-id=\"161\" class=\"elementor elementor-161\" data-elementor-post-type=\"page\">\n\t\t\t\t\t\t<section class=\"elementor-section elementor-top-section elementor-element elementor-element-0034dd3 elementor-section-boxed elementor-section-height-default elementor-section-height-default\" data-id=\"0034dd3\" data-element_type=\"section\" data-e-type=\"section\">\n\t\t\t\t\t\t<div class=\"elementor-container elementor-column-gap-default\">\n\t\t\t\t\t<div class=\"elementor-column elementor-col-100 elementor-top-column elementor-element elementor-element-1024329\" data-id=\"1024329\" data-element_type=\"column\" data-e-type=\"column\">\n\t\t\t<div class=\"elementor-widget-wrap elementor-element-populated\">\n\t\t\t\t\t\t<div class=\"elementor-element elementor-element-9fcd32f elementor-widget elementor-widget-heading\" data-id=\"9fcd32f\" data-element_type=\"widget\" data-e-type=\"widget\" data-widget_type=\"heading.default\">\n\t\t\t\t<div class=\"elementor-widget-container\">\n\t\t\t\t\t<h2 class=\"elementor-heading-title elementor-size-default\">Scientific Advisory Board<\/h2>\t\t\t\t<\/div>\n\t\t\t\t<\/div>\n\t\t\t\t\t<\/div>\n\t\t<\/div>\n\t\t\t\t\t<\/div>\n\t\t<\/section>\n\t\t\t\t<section class=\"elementor-section elementor-top-section elementor-element elementor-element-2f09e84 elementor-section-boxed elementor-section-height-default elementor-section-height-default\" data-id=\"2f09e84\" data-element_type=\"section\" data-e-type=\"section\">\n\t\t\t\t\t\t<div class=\"elementor-container elementor-column-gap-default\">\n\t\t\t\t\t<div class=\"elementor-column elementor-col-100 elementor-top-column elementor-element elementor-element-1a042f5\" data-id=\"1a042f5\" data-element_type=\"column\" data-e-type=\"column\">\n\t\t\t<div class=\"elementor-widget-wrap elementor-element-populated\">\n\t\t\t\t\t\t<div class=\"elementor-element elementor-element-61a059d elementor-widget elementor-widget-text-editor\" data-id=\"61a059d\" data-element_type=\"widget\" data-e-type=\"widget\" data-widget_type=\"text-editor.default\">\n\t\t\t\t<div class=\"elementor-widget-container\">\n\t\t\t\t\t\t\t\t\t<div id=\"GroupWiseSection_1645515803000_h0740226@groupwise.boku.ac.at_7D8766012191000081D7000000000000_\" class=\"GroupWiseMessageBody active\"><p>The team of the CD-Laboratory strives to maintain the highest standard of research. To ensure this, a <span id=\"GWPasted5\">Scientific Advisory Board (SAB) consisting of <span id=\"GWPasted6\">internationally recognised scientists from the field of aquatic ecosystem sciences is established. The board <\/span><\/span>will meet with the research team annually to discuss the quality, significance and main focus of research conducted in the CD-Laboratory. Appointed members of the SAB are:<br \/><br \/><\/p><div id=\"GroupWiseSection_1645515803000_h0740226@groupwise.boku.ac.at_7D8766012191000081D7000000000000_\" class=\"GroupWiseMessageBody active\"><ul><li><span><strong>Dr. Tibor ER\u0150S<\/strong>, Director and scientific advisor of the Balaton Limnological Research Institute <br \/><span id=\"GWPasted8\"><a id=\"Nav_70c150de455a92815604c9bdc8e2b18\" contenteditable=\"false\" href=\"https:\/\/www.blki.hu\/en\/Tibor.EROS\">https:\/\/www.blki.hu\/en\/Tibor.EROS<\/a><\/span><br \/><span id=\"GWPasted7\"><\/span><\/span><a href=\"mailto:eros.tibor@blki.hu\"><span>eros.tibor@blki.hu<\/span><\/a><\/li><li><span><strong>Dr. Maria Teresa FERREIRA<\/strong>, <span id=\"GWPasted11\"><\/span>University of Lisbon &#8211; Forest Research Center (CEF, UL)<br \/><span id=\"GWPasted9\"><a href=\"http:\/\/www.isa.ulisboa.pt\/id\/terferreira\">http:\/\/www.isa.ulisboa.pt\/id\/terferreira<\/a><\/span><br \/><span id=\"GWPasted10\"><a href=\"mailto:terferreira@isa.ulisboa.pt\">terferreira@isa.ulisboa.pt<\/a><\/span><\/span><\/li><li><span><strong>Dr. Sonja J\u00c4HNIG<\/strong>, Leibniz-Institute of Freshwater Ecology &amp; Inland Fisheries (IGB)<br \/><span id=\"GWPasted12\"><a href=\"https:\/\/www.igb-berlin.de\/en\/profile\/sonja-jahnig\">https:\/\/www.igb-berlin.de\/en\/profile\/sonja-jahnig<\/a><\/span><br \/><span id=\"GWPasted13\"><a href=\"file:\/\/\/C:\/Users\/mseebach\/AppData\/Local\/Temp\/XPGrpWise\/6214A856GWMTA2GWH8100010016A6C6A1422141\/sonja.jaehnig@igb-berlin.de\">sonja.jaehnig@igb-berlin.de<\/a><\/span><\/span><\/li><\/ul><\/div><\/div>\t\t\t\t\t\t\t\t<\/div>\n\t\t\t\t<\/div>\n\t\t\t\t\t<\/div>\n\t\t<\/div>\n\t\t\t\t\t<\/div>\n\t\t<\/section>\n\t\t\t\t<section class=\"elementor-section elementor-inner-section elementor-element elementor-element-85e5754 elementor-section-boxed elementor-section-height-default elementor-section-height-default\" data-id=\"85e5754\" data-element_type=\"section\" data-e-type=\"section\">\n\t\t\t\t\t\t<div class=\"elementor-container elementor-column-gap-default\">\n\t\t\t\t\t<div class=\"elementor-column elementor-col-50 elementor-inner-column elementor-element elementor-element-5e5064cd\" data-id=\"5e5064cd\" data-element_type=\"column\" data-e-type=\"column\">\n\t\t\t<div class=\"elementor-widget-wrap elementor-element-populated\">\n\t\t\t\t\t\t<div class=\"elementor-element elementor-element-5564ece0 elementor-widget elementor-widget-heading\" data-id=\"5564ece0\" data-element_type=\"widget\" data-e-type=\"widget\" data-widget_type=\"heading.default\">\n\t\t\t\t<div class=\"elementor-widget-container\">\n\t\t\t\t\t<h2 class=\"elementor-heading-title elementor-size-default\">Christian Doppler Forschungsgesellschaft<\/h2>\t\t\t\t<\/div>\n\t\t\t\t<\/div>\n\t\t\t\t<div class=\"elementor-element elementor-element-4ddeeddf elementor-widget elementor-widget-text-editor\" data-id=\"4ddeeddf\" data-element_type=\"widget\" data-e-type=\"widget\" data-widget_type=\"text-editor.default\">\n\t\t\t\t<div class=\"elementor-widget-container\">\n\t\t\t\t\t\t\t\t\t<p>Die Christian Doppler Forschungsgesellschaft f\u00f6rdert die Kooperation von Wissenschaft und Wirtschaft. Konkret geschieht dies in eigens eingerichteten Forschungseinheiten mit fixen Laufzeiten, in denen anwendungsorientierte Grundlagenforschung betrieben wird: Christian Doppler Labors an Universit\u00e4ten und au\u00dferuniversit\u00e4ren Forschungseinrichtungen, Josef Ressel Zentren an Fachhochschulen.<\/p><p>Unter der Leitung von hoch qualifizierten WissenschafterInnen arbeiten Forschungsgruppen in engem Kontakt zu den Unternehmenspartnern an innovativen Antworten auf unternehmerische Forschungsfragen.<\/p>\t\t\t\t\t\t\t\t<\/div>\n\t\t\t\t<\/div>\n\t\t\t\t\t<\/div>\n\t\t<\/div>\n\t\t\t\t<div class=\"elementor-column elementor-col-50 elementor-inner-column elementor-element elementor-element-21d818c4\" data-id=\"21d818c4\" data-element_type=\"column\" data-e-type=\"column\">\n\t\t\t<div class=\"elementor-widget-wrap elementor-element-populated\">\n\t\t\t\t\t\t<div class=\"elementor-element elementor-element-67841dae elementor-widget elementor-widget-heading\" data-id=\"67841dae\" data-element_type=\"widget\" data-e-type=\"widget\" data-widget_type=\"heading.default\">\n\t\t\t\t<div class=\"elementor-widget-container\">\n\t\t\t\t\t<h2 class=\"elementor-heading-title elementor-size-default\">CD-Labor<\/h2>\t\t\t\t<\/div>\n\t\t\t\t<\/div>\n\t\t\t\t<div class=\"elementor-element elementor-element-6584f033 elementor-widget elementor-widget-heading\" data-id=\"6584f033\" data-element_type=\"widget\" data-e-type=\"widget\" data-widget_type=\"heading.default\">\n\t\t\t\t<div class=\"elementor-widget-container\">\n\t\t\t\t\t<h2 class=\"elementor-heading-title elementor-size-default\">Das CD-Modell erm\u00f6glicht Kooperationen von Wissenschaft und Wirtschaft, die sowohl f\u00fcr die beteiligten Partner als auch f\u00fcr die Gesellschaft sinnvoll, n\u00fctzlich und fruchtbar sind. Die Kooperationen gestalten sich in der Regel in folgender Weise: Die Forschungsgruppe erarbeitet Grundlagenwissen, welches beim Unternehmenspartner in die Entwicklung neuer Produkte und Verfahren einflie\u00dft. W\u00e4hrend der gesamten Zusammenarbeit herrscht ein permanenter Wissens-, Erfahrungs- und Fragenaustausch zwischen den Partnern. Damit unterscheidet sich diese Art der Forschungskooperation grundlegend von einer Auftragsforschung.<\/h2>\t\t\t\t<\/div>\n\t\t\t\t<\/div>\n\t\t\t\t\t<\/div>\n\t\t<\/div>\n\t\t\t\t\t<\/div>\n\t\t<\/section>\n\t\t\t\t<\/div>\n\t\t","protected":false},"excerpt":{"rendered":"<p>Scientific Advisory Board The team of the CD-Laboratory strives to maintain the highest standard of research. To ensure this, a Scientific Advisory Board (SAB) consisting of internationally recognised scientists from the field of aquatic ecosystem sciences is established. The board will meet with the research team annually to discuss the quality, significance and main focus [&hellip;]<\/p>\n","protected":false},"author":1,"featured_media":0,"parent":0,"menu_order":0,"comment_status":"closed","ping_status":"closed","template":"","meta":{"ocean_post_layout":"full-screen","ocean_both_sidebars_style":"","ocean_both_sidebars_content_width":0,"ocean_both_sidebars_sidebars_width":0,"ocean_sidebar":"0","ocean_second_sidebar":"0","ocean_disable_margins":"on","ocean_add_body_class":"","ocean_shortcode_before_top_bar":"","ocean_shortcode_after_top_bar":"","ocean_shortcode_before_header":"","ocean_shortcode_after_header":"","ocean_has_shortcode":"","ocean_shortcode_after_title":"","ocean_shortcode_before_footer_widgets":"","ocean_shortcode_after_footer_widgets":"","ocean_shortcode_before_footer_bottom":"","ocean_shortcode_after_footer_bottom":"","ocean_display_top_bar":"off","ocean_display_header":"default","ocean_header_style":"","ocean_center_header_left_menu":"0","ocean_custom_header_template":"0","ocean_custom_logo":0,"ocean_custom_retina_logo":0,"ocean_custom_logo_max_width":0,"ocean_custom_logo_tablet_max_width":0,"ocean_custom_logo_mobile_max_width":0,"ocean_custom_logo_max_height":0,"ocean_custom_logo_tablet_max_height":0,"ocean_custom_logo_mobile_max_height":0,"ocean_header_custom_menu":"0","ocean_menu_typo_font_family":"0","ocean_menu_typo_font_subset":"","ocean_menu_typo_font_size":0,"ocean_menu_typo_font_size_tablet":0,"ocean_menu_typo_font_size_mobile":0,"ocean_menu_typo_font_size_unit":"px","ocean_menu_typo_font_weight":"","ocean_menu_typo_font_weight_tablet":"","ocean_menu_typo_font_weight_mobile":"","ocean_menu_typo_transform":"","ocean_menu_typo_transform_tablet":"","ocean_menu_typo_transform_mobile":"","ocean_menu_typo_line_height":0,"ocean_menu_typo_line_height_tablet":0,"ocean_menu_typo_line_height_mobile":0,"ocean_menu_typo_line_height_unit":"","ocean_menu_typo_spacing":0,"ocean_menu_typo_spacing_tablet":0,"ocean_menu_typo_spacing_mobile":0,"ocean_menu_typo_spacing_unit":"","ocean_menu_link_color":"","ocean_menu_link_color_hover":"","ocean_menu_link_color_active":"","ocean_menu_link_background":"","ocean_menu_link_hover_background":"","ocean_menu_link_active_background":"","ocean_menu_social_links_bg":"","ocean_menu_social_hover_links_bg":"","ocean_menu_social_links_color":"","ocean_menu_social_hover_links_color":"","ocean_disable_title":"enable","ocean_disable_heading":"default","ocean_post_title":"","ocean_post_subheading":"","ocean_post_title_style":"","ocean_post_title_background_color":"","ocean_post_title_background":0,"ocean_post_title_bg_image_position":"","ocean_post_title_bg_image_attachment":"","ocean_post_title_bg_image_repeat":"","ocean_post_title_bg_image_size":"","ocean_post_title_height":0,"ocean_post_title_bg_overlay":0.5,"ocean_post_title_bg_overlay_color":"","ocean_disable_breadcrumbs":"default","ocean_breadcrumbs_color":"","ocean_breadcrumbs_separator_color":"","ocean_breadcrumbs_links_color":"","ocean_breadcrumbs_links_hover_color":"","ocean_display_footer_widgets":"off","ocean_display_footer_bottom":"default","ocean_custom_footer_template":"0","footnotes":""},"class_list":["post-161","page","type-page","status-publish","hentry","entry"],"_links":{"self":[{"href":"https:\/\/cdl-meri.boku.ac.at\/wordpress\/wp-json\/wp\/v2\/pages\/161","targetHints":{"allow":["GET"]}}],"collection":[{"href":"https:\/\/cdl-meri.boku.ac.at\/wordpress\/wp-json\/wp\/v2\/pages"}],"about":[{"href":"https:\/\/cdl-meri.boku.ac.at\/wordpress\/wp-json\/wp\/v2\/types\/page"}],"author":[{"embeddable":true,"href":"https:\/\/cdl-meri.boku.ac.at\/wordpress\/wp-json\/wp\/v2\/users\/1"}],"replies":[{"embeddable":true,"href":"https:\/\/cdl-meri.boku.ac.at\/wordpress\/wp-json\/wp\/v2\/comments?post=161"}],"version-history":[{"count":11,"href":"https:\/\/cdl-meri.boku.ac.at\/wordpress\/wp-json\/wp\/v2\/pages\/161\/revisions"}],"predecessor-version":[{"id":801,"href":"https:\/\/cdl-meri.boku.ac.at\/wordpress\/wp-json\/wp\/v2\/pages\/161\/revisions\/801"}],"wp:attachment":[{"href":"https:\/\/cdl-meri.boku.ac.at\/wordpress\/wp-json\/wp\/v2\/media?parent=161"}],"curies":[{"name":"wp","href":"https:\/\/api.w.org\/{rel}","templated":true}]}}