{"id":163,"date":"2021-10-08T13:26:57","date_gmt":"2021-10-08T11:26:57","guid":{"rendered":"https:\/\/cdl-meri.boku.ac.at\/wordpress\/?page_id=163"},"modified":"2021-12-16T13:27:55","modified_gmt":"2021-12-16T12:27:55","slug":"links","status":"publish","type":"page","link":"https:\/\/cdl-meri.boku.ac.at\/wordpress\/links\/","title":{"rendered":"Links"},"content":{"rendered":"\t\t<div data-elementor-type=\"wp-page\" data-elementor-id=\"163\" class=\"elementor elementor-163\" data-elementor-post-type=\"page\">\n\t\t\t\t\t\t<section class=\"elementor-section elementor-top-section elementor-element elementor-element-733e1aa elementor-section-boxed elementor-section-height-default elementor-section-height-default\" data-id=\"733e1aa\" data-element_type=\"section\" data-e-type=\"section\">\n\t\t\t\t\t\t<div class=\"elementor-container elementor-column-gap-default\">\n\t\t\t\t\t<div class=\"elementor-column elementor-col-100 elementor-top-column elementor-element elementor-element-b3e19e6\" data-id=\"b3e19e6\" data-element_type=\"column\" data-e-type=\"column\">\n\t\t\t<div class=\"elementor-widget-wrap elementor-element-populated\">\n\t\t\t\t\t\t<div class=\"elementor-element elementor-element-72ed976 elementor-widget elementor-widget-text-editor\" data-id=\"72ed976\" data-element_type=\"widget\" data-e-type=\"widget\" data-widget_type=\"text-editor.default\">\n\t\t\t\t<div class=\"elementor-widget-container\">\n\t\t\t\t\t\t\t\t\t<p>&#8230;in Bearbeitung<\/p>\t\t\t\t\t\t\t\t<\/div>\n\t\t\t\t<\/div>\n\t\t\t\t\t<\/div>\n\t\t<\/div>\n\t\t\t\t\t<\/div>\n\t\t<\/section>\n\t\t\t\t<section class=\"elementor-section elementor-inner-section elementor-element elementor-element-6af28de8 elementor-section-boxed elementor-section-height-default elementor-section-height-default\" data-id=\"6af28de8\" data-element_type=\"section\" data-e-type=\"section\">\n\t\t\t\t\t\t<div class=\"elementor-container elementor-column-gap-default\">\n\t\t\t\t\t<div class=\"elementor-column elementor-col-50 elementor-inner-column elementor-element elementor-element-2a6f934c\" data-id=\"2a6f934c\" data-element_type=\"column\" data-e-type=\"column\">\n\t\t\t<div class=\"elementor-widget-wrap elementor-element-populated\">\n\t\t\t\t\t\t<div class=\"elementor-element elementor-element-7ae3afca elementor-widget elementor-widget-heading\" data-id=\"7ae3afca\" data-element_type=\"widget\" data-e-type=\"widget\" data-widget_type=\"heading.default\">\n\t\t\t\t<div class=\"elementor-widget-container\">\n\t\t\t\t\t<h2 class=\"elementor-heading-title elementor-size-default\">Christian Doppler Forschungsgesellschaft<\/h2>\t\t\t\t<\/div>\n\t\t\t\t<\/div>\n\t\t\t\t<div class=\"elementor-element elementor-element-9d2e681 elementor-widget elementor-widget-text-editor\" data-id=\"9d2e681\" data-element_type=\"widget\" data-e-type=\"widget\" data-widget_type=\"text-editor.default\">\n\t\t\t\t<div class=\"elementor-widget-container\">\n\t\t\t\t\t\t\t\t\t<p>Die Christian Doppler Forschungsgesellschaft f\u00f6rdert die Kooperation von Wissenschaft und Wirtschaft. Konkret geschieht dies in eigens eingerichteten Forschungseinheiten mit fixen Laufzeiten, in denen anwendungsorientierte Grundlagenforschung betrieben wird: Christian Doppler Labors an Universit\u00e4ten und au\u00dferuniversit\u00e4ren Forschungseinrichtungen, Josef Ressel Zentren an Fachhochschulen.<\/p><p>Unter der Leitung von hoch qualifizierten WissenschafterInnen arbeiten Forschungsgruppen in engem Kontakt zu den Unternehmenspartnern an innovativen Antworten auf unternehmerische Forschungsfragen.<\/p>\t\t\t\t\t\t\t\t<\/div>\n\t\t\t\t<\/div>\n\t\t\t\t\t<\/div>\n\t\t<\/div>\n\t\t\t\t<div class=\"elementor-column elementor-col-50 elementor-inner-column elementor-element elementor-element-6fcfdddb\" data-id=\"6fcfdddb\" data-element_type=\"column\" data-e-type=\"column\">\n\t\t\t<div class=\"elementor-widget-wrap elementor-element-populated\">\n\t\t\t\t\t\t<div class=\"elementor-element elementor-element-3e896e9b elementor-widget elementor-widget-heading\" data-id=\"3e896e9b\" data-element_type=\"widget\" data-e-type=\"widget\" data-widget_type=\"heading.default\">\n\t\t\t\t<div class=\"elementor-widget-container\">\n\t\t\t\t\t<h2 class=\"elementor-heading-title elementor-size-default\">CD-Labor<\/h2>\t\t\t\t<\/div>\n\t\t\t\t<\/div>\n\t\t\t\t<div class=\"elementor-element elementor-element-623f4d12 elementor-widget elementor-widget-heading\" data-id=\"623f4d12\" data-element_type=\"widget\" data-e-type=\"widget\" data-widget_type=\"heading.default\">\n\t\t\t\t<div class=\"elementor-widget-container\">\n\t\t\t\t\t<h2 class=\"elementor-heading-title elementor-size-default\">Das CD-Modell erm\u00f6glicht Kooperationen von Wissenschaft und Wirtschaft, die sowohl f\u00fcr die beteiligten Partner als auch f\u00fcr die Gesellschaft sinnvoll, n\u00fctzlich und fruchtbar sind. Die Kooperationen gestalten sich in der Regel in folgender Weise: Die Forschungsgruppe erarbeitet Grundlagenwissen, welches beim Unternehmenspartner in die Entwicklung neuer Produkte und Verfahren einflie\u00dft. W\u00e4hrend der gesamten Zusammenarbeit herrscht ein permanenter Wissens-, Erfahrungs- und Fragenaustausch zwischen den Partnern. Damit unterscheidet sich diese Art der Forschungskooperation grundlegend von einer Auftragsforschung.<\/h2>\t\t\t\t<\/div>\n\t\t\t\t<\/div>\n\t\t\t\t\t<\/div>\n\t\t<\/div>\n\t\t\t\t\t<\/div>\n\t\t<\/section>\n\t\t\t\t<\/div>\n\t\t","protected":false},"excerpt":{"rendered":"<p>&#8230;in Bearbeitung Christian Doppler Forschungsgesellschaft Die Christian Doppler Forschungsgesellschaft f\u00f6rdert die Kooperation von Wissenschaft und Wirtschaft. Konkret geschieht dies in eigens eingerichteten Forschungseinheiten mit fixen Laufzeiten, in denen anwendungsorientierte Grundlagenforschung betrieben wird: Christian Doppler Labors an Universit\u00e4ten und au\u00dferuniversit\u00e4ren Forschungseinrichtungen, Josef Ressel Zentren an Fachhochschulen. Unter der Leitung von hoch qualifizierten WissenschafterInnen arbeiten Forschungsgruppen in [&hellip;]<\/p>\n","protected":false},"author":1,"featured_media":0,"parent":0,"menu_order":0,"comment_status":"closed","ping_status":"closed","template":"","meta":{"ocean_post_layout":"full-screen","ocean_both_sidebars_style":"","ocean_both_sidebars_content_width":0,"ocean_both_sidebars_sidebars_width":0,"ocean_sidebar":"0","ocean_second_sidebar":"0","ocean_disable_margins":"enable","ocean_add_body_class":"","ocean_shortcode_before_top_bar":"","ocean_shortcode_after_top_bar":"","ocean_shortcode_before_header":"","ocean_shortcode_after_header":"","ocean_has_shortcode":"","ocean_shortcode_after_title":"","ocean_shortcode_before_footer_widgets":"","ocean_shortcode_after_footer_widgets":"","ocean_shortcode_before_footer_bottom":"","ocean_shortcode_after_footer_bottom":"","ocean_display_top_bar":"off","ocean_display_header":"default","ocean_header_style":"","ocean_center_header_left_menu":"0","ocean_custom_header_template":"0","ocean_custom_logo":0,"ocean_custom_retina_logo":0,"ocean_custom_logo_max_width":0,"ocean_custom_logo_tablet_max_width":0,"ocean_custom_logo_mobile_max_width":0,"ocean_custom_logo_max_height":0,"ocean_custom_logo_tablet_max_height":0,"ocean_custom_logo_mobile_max_height":0,"ocean_header_custom_menu":"0","ocean_menu_typo_font_family":"0","ocean_menu_typo_font_subset":"","ocean_menu_typo_font_size":0,"ocean_menu_typo_font_size_tablet":0,"ocean_menu_typo_font_size_mobile":0,"ocean_menu_typo_font_size_unit":"px","ocean_menu_typo_font_weight":"","ocean_menu_typo_font_weight_tablet":"","ocean_menu_typo_font_weight_mobile":"","ocean_menu_typo_transform":"","ocean_menu_typo_transform_tablet":"","ocean_menu_typo_transform_mobile":"","ocean_menu_typo_line_height":0,"ocean_menu_typo_line_height_tablet":0,"ocean_menu_typo_line_height_mobile":0,"ocean_menu_typo_line_height_unit":"","ocean_menu_typo_spacing":0,"ocean_menu_typo_spacing_tablet":0,"ocean_menu_typo_spacing_mobile":0,"ocean_menu_typo_spacing_unit":"","ocean_menu_link_color":"","ocean_menu_link_color_hover":"","ocean_menu_link_color_active":"","ocean_menu_link_background":"","ocean_menu_link_hover_background":"","ocean_menu_link_active_background":"","ocean_menu_social_links_bg":"","ocean_menu_social_hover_links_bg":"","ocean_menu_social_links_color":"","ocean_menu_social_hover_links_color":"","ocean_disable_title":"default","ocean_disable_heading":"default","ocean_post_title":"","ocean_post_subheading":"","ocean_post_title_style":"","ocean_post_title_background_color":"","ocean_post_title_background":0,"ocean_post_title_bg_image_position":"","ocean_post_title_bg_image_attachment":"","ocean_post_title_bg_image_repeat":"","ocean_post_title_bg_image_size":"","ocean_post_title_height":0,"ocean_post_title_bg_overlay":0.5,"ocean_post_title_bg_overlay_color":"","ocean_disable_breadcrumbs":"default","ocean_breadcrumbs_color":"","ocean_breadcrumbs_separator_color":"","ocean_breadcrumbs_links_color":"","ocean_breadcrumbs_links_hover_color":"","ocean_display_footer_widgets":"off","ocean_display_footer_bottom":"default","ocean_custom_footer_template":"0","footnotes":""},"class_list":["post-163","page","type-page","status-publish","hentry","entry"],"_links":{"self":[{"href":"https:\/\/cdl-meri.boku.ac.at\/wordpress\/wp-json\/wp\/v2\/pages\/163","targetHints":{"allow":["GET"]}}],"collection":[{"href":"https:\/\/cdl-meri.boku.ac.at\/wordpress\/wp-json\/wp\/v2\/pages"}],"about":[{"href":"https:\/\/cdl-meri.boku.ac.at\/wordpress\/wp-json\/wp\/v2\/types\/page"}],"author":[{"embeddable":true,"href":"https:\/\/cdl-meri.boku.ac.at\/wordpress\/wp-json\/wp\/v2\/users\/1"}],"replies":[{"embeddable":true,"href":"https:\/\/cdl-meri.boku.ac.at\/wordpress\/wp-json\/wp\/v2\/comments?post=163"}],"version-history":[{"count":8,"href":"https:\/\/cdl-meri.boku.ac.at\/wordpress\/wp-json\/wp\/v2\/pages\/163\/revisions"}],"predecessor-version":[{"id":440,"href":"https:\/\/cdl-meri.boku.ac.at\/wordpress\/wp-json\/wp\/v2\/pages\/163\/revisions\/440"}],"wp:attachment":[{"href":"https:\/\/cdl-meri.boku.ac.at\/wordpress\/wp-json\/wp\/v2\/media?parent=163"}],"curies":[{"name":"wp","href":"https:\/\/api.w.org\/{rel}","templated":true}]}}