{"id":35,"date":"2021-10-01T12:57:43","date_gmt":"2021-10-01T10:57:43","guid":{"rendered":"https:\/\/cdl-meri.boku.ac.at\/wordpress\/?page_id=35"},"modified":"2022-03-15T14:22:37","modified_gmt":"2022-03-15T13:22:37","slug":"forschungsthemen","status":"publish","type":"page","link":"https:\/\/cdl-meri.boku.ac.at\/wordpress\/forschungsthemen\/","title":{"rendered":"Forschungsthemen"},"content":{"rendered":"\t\t<div data-elementor-type=\"wp-page\" data-elementor-id=\"35\" class=\"elementor elementor-35\" data-elementor-post-type=\"page\">\n\t\t\t\t\t\t<section class=\"elementor-section elementor-top-section elementor-element elementor-element-b68d6a9 elementor-section-boxed elementor-section-height-default elementor-section-height-default\" data-id=\"b68d6a9\" data-element_type=\"section\" data-e-type=\"section\">\n\t\t\t\t\t\t<div class=\"elementor-container elementor-column-gap-default\">\n\t\t\t\t\t<div class=\"elementor-column elementor-col-33 elementor-top-column elementor-element elementor-element-5388246\" data-id=\"5388246\" data-element_type=\"column\" data-e-type=\"column\">\n\t\t\t<div class=\"elementor-widget-wrap\">\n\t\t\t\t\t\t\t<\/div>\n\t\t<\/div>\n\t\t\t\t<div class=\"elementor-column elementor-col-33 elementor-top-column elementor-element elementor-element-12d3f1e\" data-id=\"12d3f1e\" data-element_type=\"column\" data-e-type=\"column\">\n\t\t\t<div class=\"elementor-widget-wrap elementor-element-populated\">\n\t\t\t\t\t\t<div class=\"elementor-element elementor-element-707fd53 elementor-widget elementor-widget-image\" data-id=\"707fd53\" data-element_type=\"widget\" data-e-type=\"widget\" data-widget_type=\"image.default\">\n\t\t\t\t<div class=\"elementor-widget-container\">\n\t\t\t\t\t\t\t\t\t\t\t\t\t\t\t\t<a href=\"https:\/\/cdl-meri.boku.ac.at\/wordpress\/wp-content\/uploads\/2021\/10\/MERI_Copyright-Kristof-Reuther-scaled.jpeg\" data-elementor-open-lightbox=\"yes\" data-elementor-lightbox-title=\"MERI_Copyright Kristof Reuther\" data-e-action-hash=\"#elementor-action%3Aaction%3Dlightbox%26settings%3DeyJpZCI6NzEsInVybCI6Imh0dHBzOlwvXC9jZGwtbWVyaS5ib2t1LmFjLmF0XC93b3JkcHJlc3NcL3dwLWNvbnRlbnRcL3VwbG9hZHNcLzIwMjFcLzEwXC9NRVJJX0NvcHlyaWdodC1LcmlzdG9mLVJldXRoZXItc2NhbGVkLmpwZWcifQ%3D%3D\">\n\t\t\t\t\t\t\t<img fetchpriority=\"high\" decoding=\"async\" width=\"1024\" height=\"683\" src=\"https:\/\/cdl-meri.boku.ac.at\/wordpress\/wp-content\/uploads\/2021\/10\/MERI_Copyright-Kristof-Reuther-1024x683.jpeg\" class=\"attachment-large size-large wp-image-71\" alt=\"\" srcset=\"https:\/\/cdl-meri.boku.ac.at\/wordpress\/wp-content\/uploads\/2021\/10\/MERI_Copyright-Kristof-Reuther-1024x683.jpeg 1024w, https:\/\/cdl-meri.boku.ac.at\/wordpress\/wp-content\/uploads\/2021\/10\/MERI_Copyright-Kristof-Reuther-300x200.jpeg 300w, https:\/\/cdl-meri.boku.ac.at\/wordpress\/wp-content\/uploads\/2021\/10\/MERI_Copyright-Kristof-Reuther-768x512.jpeg 768w, https:\/\/cdl-meri.boku.ac.at\/wordpress\/wp-content\/uploads\/2021\/10\/MERI_Copyright-Kristof-Reuther-1536x1024.jpeg 1536w, https:\/\/cdl-meri.boku.ac.at\/wordpress\/wp-content\/uploads\/2021\/10\/MERI_Copyright-Kristof-Reuther-2048x1365.jpeg 2048w\" sizes=\"(max-width: 1024px) 100vw, 1024px\" \/>\t\t\t\t\t\t\t\t<\/a>\n\t\t\t\t\t\t\t\t\t\t\t\t\t\t\t<\/div>\n\t\t\t\t<\/div>\n\t\t\t\t\t<\/div>\n\t\t<\/div>\n\t\t\t\t<div class=\"elementor-column elementor-col-33 elementor-top-column elementor-element elementor-element-8fa0859\" data-id=\"8fa0859\" data-element_type=\"column\" data-e-type=\"column\">\n\t\t\t<div class=\"elementor-widget-wrap\">\n\t\t\t\t\t\t\t<\/div>\n\t\t<\/div>\n\t\t\t\t\t<\/div>\n\t\t<\/section>\n\t\t\t\t<section class=\"elementor-section elementor-top-section elementor-element elementor-element-28a57fb elementor-section-boxed elementor-section-height-default elementor-section-height-default\" data-id=\"28a57fb\" data-element_type=\"section\" data-e-type=\"section\">\n\t\t\t\t\t\t<div class=\"elementor-container elementor-column-gap-default\">\n\t\t\t\t\t<div class=\"elementor-column elementor-col-100 elementor-top-column elementor-element elementor-element-1426197\" data-id=\"1426197\" data-element_type=\"column\" data-e-type=\"column\">\n\t\t\t<div class=\"elementor-widget-wrap elementor-element-populated\">\n\t\t\t\t\t\t<div class=\"elementor-element elementor-element-bfe3110 elementor-widget elementor-widget-text-editor\" data-id=\"bfe3110\" data-element_type=\"widget\" data-e-type=\"widget\" data-widget_type=\"text-editor.default\">\n\t\t\t\t<div class=\"elementor-widget-container\">\n\t\t\t\t\t\t\t\t\t<p>Gro\u00dfe Fl\u00fcsse sind wichtige Lebensadern und wurden und werden weltweit bedeutend durch menschliche Aktivit\u00e4ten beeinflusst. Flussregulierungen und der Ausbau der Wasserkraft, beispielsweise, ver\u00e4ndern die Str\u00f6mungs- und Sedimentdynamiken, die N\u00e4hrstofffl\u00fcsse, und vieles mehr, und f\u00fchren so zu einem dramatischen Verlust an Lebensr\u00e4umen und biologischer Diversit\u00e4t, wie zB. f\u00fcr die Fischfauna der Donau. Dies beeinflusst auch die \u00d6kosystemleistungen, die von Flusslandschaften bereitgestellt und vom Menschen genutzt werden.<\/p><p>Der Klimawandel wird diese Ver\u00e4nderungen weiter beschleunigen und verst\u00e4rken. Es braucht daher einen gesellschaftlichen Konsens, in wie weit der Mensch \u00d6kosysteme zur Nutzung ver\u00e4ndert und gleichzeitig wichtige \u00f6kologische Funktionen erhalten werden.<\/p><p>Um diesen negativen Trend umzukehren und einen breiten Konsens herzustellen, muss eine solide Grundlage f\u00fcr Entscheidungen geschaffen werden. Daf\u00fcr m\u00fcssen die Prozesse und Dynamiken, die den Wandel der \u00d6kosysteme vorantreiben, m\u00f6glichst umfassend wissenschaftlich erfasst werden, einschlie\u00dflich der Wechselwirkungen mit der Gesellschaft. Das Meta-\u00d6kosystemkonzept ist ein gesamtheitlicher Ansatz, der Wirkungen auf unterschiedlichen r\u00e4umlichen Skalenebenen verbindet, indem es lokale Lebensraumqualit\u00e4ten, die Vernetzung zwischen diesen R\u00e4umen und die Interaktion mit menschlichen Aktivit\u00e4ten, sowie die \u00d6kosystemleistungen der Flusslandschaften gemeinsam analysiert.<\/p><p>Das CD-Labor MERI stellt die \u00f6sterreichische Donau in den Fokus und wird Datenanalysen mit Feldbeobachtungen und -experimenten verbinden. So wird ein nachhaltiges Flussmanagement der Donau und die Entwicklung von \u00f6kologisch und \u00f6konomisch effizienten Ma\u00dfnahmen zur Wiederherstellung der Funktionsf\u00e4higkeit der \u00d6kosysteme erm\u00f6glicht.<\/p><p>Um die Auswirkungen menschlicher Aktivit\u00e4ten auf die zeitliche Entwicklung der Donau vom unber\u00fchrten System zum heutigen Zustand nachzuvollziehen, werden verf\u00fcgbare abiotische und biotische Daten entlang der \u00f6sterreichischen Donau und ihrer Hauptzufl\u00fcsse mit neuen Ans\u00e4tzen analysiert. Muster der Fischwanderungen werden als ein Element f\u00fcr das Flie\u00dfgew\u00e4ssernetzwerk erhoben. Die Untersuchungen sollen die funktionelle und die trophische, d.h. mit der Nahrung in Zusammenhang stehende, Ebene ebenfalls umfassen und Nahrungsnetzbeziehungen in unterschiedlichen Flussbereichen analysieren. Die aktuellen und potenziellen \u00d6kosystemleistungen des Flusses, wie zB Hochwasser- und N\u00e4hrstoffr\u00fcckhalt, aber auch Verf\u00fcgbarkeit von Gebieten f\u00fcr Erholung und Freizeitaktivit\u00e4ten, werden systematisch untersucht. Anhand der fischereilichen Nutzung k\u00f6nnen im CD-Labor MERI z.B. die Auswirkungen auf die biotischen Interaktionen\/Zusammenh\u00e4nge in der Donau und ihren Nebengew\u00e4ssern dargestellt werden.<\/p><p>Anhand von Modellen f\u00fcr zuk\u00fcnftige Szenarien werden Ans\u00e4tze und M\u00f6glichkeiten f\u00fcr das zuk\u00fcnftige Flussmanagement getestet, um die Multifunktionalit\u00e4t des Meta-\u00d6kosystems Donau zu verbessern und die Artenvielfalt zu erhalten.<\/p>\t\t\t\t\t\t\t\t<\/div>\n\t\t\t\t<\/div>\n\t\t\t\t\t<\/div>\n\t\t<\/div>\n\t\t\t\t\t<\/div>\n\t\t<\/section>\n\t\t\t\t<section class=\"elementor-section elementor-inner-section elementor-element elementor-element-21dbc15d elementor-section-boxed elementor-section-height-default elementor-section-height-default\" data-id=\"21dbc15d\" data-element_type=\"section\" data-e-type=\"section\">\n\t\t\t\t\t\t<div class=\"elementor-container elementor-column-gap-default\">\n\t\t\t\t\t<div class=\"elementor-column elementor-col-50 elementor-inner-column elementor-element elementor-element-1d2696bd\" data-id=\"1d2696bd\" data-element_type=\"column\" data-e-type=\"column\">\n\t\t\t<div class=\"elementor-widget-wrap elementor-element-populated\">\n\t\t\t\t\t\t<div class=\"elementor-element elementor-element-432bface elementor-widget elementor-widget-heading\" data-id=\"432bface\" data-element_type=\"widget\" data-e-type=\"widget\" data-widget_type=\"heading.default\">\n\t\t\t\t<div class=\"elementor-widget-container\">\n\t\t\t\t\t<h2 class=\"elementor-heading-title elementor-size-default\">Christian Doppler Forschungsgesellschaft<\/h2>\t\t\t\t<\/div>\n\t\t\t\t<\/div>\n\t\t\t\t<div class=\"elementor-element elementor-element-1f1095be elementor-widget elementor-widget-text-editor\" data-id=\"1f1095be\" data-element_type=\"widget\" data-e-type=\"widget\" data-widget_type=\"text-editor.default\">\n\t\t\t\t<div class=\"elementor-widget-container\">\n\t\t\t\t\t\t\t\t\t<p>Die Christian Doppler Forschungsgesellschaft f\u00f6rdert die Kooperation von Wissenschaft und Wirtschaft. Konkret geschieht dies in eigens eingerichteten Forschungseinheiten mit fixen Laufzeiten, in denen anwendungsorientierte Grundlagenforschung betrieben wird: Christian Doppler Labors an Universit\u00e4ten und au\u00dferuniversit\u00e4ren Forschungseinrichtungen, Josef Ressel Zentren an Fachhochschulen.<\/p><p>Unter der Leitung von hoch qualifizierten WissenschafterInnen arbeiten Forschungsgruppen in engem Kontakt zu den Unternehmenspartnern an innovativen Antworten auf unternehmerische Forschungsfragen.<\/p>\t\t\t\t\t\t\t\t<\/div>\n\t\t\t\t<\/div>\n\t\t\t\t\t<\/div>\n\t\t<\/div>\n\t\t\t\t<div class=\"elementor-column elementor-col-50 elementor-inner-column elementor-element elementor-element-6e5af3a7\" data-id=\"6e5af3a7\" data-element_type=\"column\" data-e-type=\"column\">\n\t\t\t<div class=\"elementor-widget-wrap elementor-element-populated\">\n\t\t\t\t\t\t<div class=\"elementor-element elementor-element-255393dc elementor-widget elementor-widget-heading\" data-id=\"255393dc\" data-element_type=\"widget\" data-e-type=\"widget\" data-widget_type=\"heading.default\">\n\t\t\t\t<div class=\"elementor-widget-container\">\n\t\t\t\t\t<h2 class=\"elementor-heading-title elementor-size-default\">CD-Labor<\/h2>\t\t\t\t<\/div>\n\t\t\t\t<\/div>\n\t\t\t\t<div class=\"elementor-element elementor-element-ec1548b elementor-widget elementor-widget-heading\" data-id=\"ec1548b\" data-element_type=\"widget\" data-e-type=\"widget\" data-widget_type=\"heading.default\">\n\t\t\t\t<div class=\"elementor-widget-container\">\n\t\t\t\t\t<h2 class=\"elementor-heading-title elementor-size-default\">Das CD-Modell erm\u00f6glicht Kooperationen von Wissenschaft und Wirtschaft, die sowohl f\u00fcr die beteiligten Partner als auch f\u00fcr die Gesellschaft sinnvoll, n\u00fctzlich und fruchtbar sind. Die Kooperationen gestalten sich in der Regel in folgender Weise: Die Forschungsgruppe erarbeitet Grundlagenwissen, welches beim Unternehmenspartner in die Entwicklung neuer Produkte und Verfahren einflie\u00dft. W\u00e4hrend der gesamten Zusammenarbeit herrscht ein permanenter Wissens-, Erfahrungs- und Fragenaustausch zwischen den Partnern. Damit unterscheidet sich diese Art der Forschungskooperation grundlegend von einer Auftragsforschung.<\/h2>\t\t\t\t<\/div>\n\t\t\t\t<\/div>\n\t\t\t\t\t<\/div>\n\t\t<\/div>\n\t\t\t\t\t<\/div>\n\t\t<\/section>\n\t\t\t\t<\/div>\n\t\t","protected":false},"excerpt":{"rendered":"<p>Gro\u00dfe Fl\u00fcsse sind wichtige Lebensadern und wurden und werden weltweit bedeutend durch menschliche Aktivit\u00e4ten beeinflusst. Flussregulierungen und der Ausbau der Wasserkraft, beispielsweise, ver\u00e4ndern die Str\u00f6mungs- und Sedimentdynamiken, die N\u00e4hrstofffl\u00fcsse, und vieles mehr, und f\u00fchren so zu einem dramatischen Verlust an Lebensr\u00e4umen und biologischer Diversit\u00e4t, wie zB. f\u00fcr die Fischfauna der Donau. Dies beeinflusst auch die [&hellip;]<\/p>\n","protected":false},"author":1,"featured_media":0,"parent":0,"menu_order":0,"comment_status":"closed","ping_status":"closed","template":"","meta":{"ocean_post_layout":"full-screen","ocean_both_sidebars_style":"","ocean_both_sidebars_content_width":0,"ocean_both_sidebars_sidebars_width":0,"ocean_sidebar":"0","ocean_second_sidebar":"0","ocean_disable_margins":"enable","ocean_add_body_class":"","ocean_shortcode_before_top_bar":"","ocean_shortcode_after_top_bar":"","ocean_shortcode_before_header":"","ocean_shortcode_after_header":"","ocean_has_shortcode":"","ocean_shortcode_after_title":"","ocean_shortcode_before_footer_widgets":"","ocean_shortcode_after_footer_widgets":"","ocean_shortcode_before_footer_bottom":"","ocean_shortcode_after_footer_bottom":"","ocean_display_top_bar":"off","ocean_display_header":"default","ocean_header_style":"","ocean_center_header_left_menu":"0","ocean_custom_header_template":"0","ocean_custom_logo":0,"ocean_custom_retina_logo":0,"ocean_custom_logo_max_width":0,"ocean_custom_logo_tablet_max_width":0,"ocean_custom_logo_mobile_max_width":0,"ocean_custom_logo_max_height":0,"ocean_custom_logo_tablet_max_height":0,"ocean_custom_logo_mobile_max_height":0,"ocean_header_custom_menu":"0","ocean_menu_typo_font_family":"0","ocean_menu_typo_font_subset":"","ocean_menu_typo_font_size":0,"ocean_menu_typo_font_size_tablet":0,"ocean_menu_typo_font_size_mobile":0,"ocean_menu_typo_font_size_unit":"px","ocean_menu_typo_font_weight":"","ocean_menu_typo_font_weight_tablet":"","ocean_menu_typo_font_weight_mobile":"","ocean_menu_typo_transform":"","ocean_menu_typo_transform_tablet":"","ocean_menu_typo_transform_mobile":"","ocean_menu_typo_line_height":0,"ocean_menu_typo_line_height_tablet":0,"ocean_menu_typo_line_height_mobile":0,"ocean_menu_typo_line_height_unit":"","ocean_menu_typo_spacing":0,"ocean_menu_typo_spacing_tablet":0,"ocean_menu_typo_spacing_mobile":0,"ocean_menu_typo_spacing_unit":"","ocean_menu_link_color":"","ocean_menu_link_color_hover":"","ocean_menu_link_color_active":"","ocean_menu_link_background":"","ocean_menu_link_hover_background":"","ocean_menu_link_active_background":"","ocean_menu_social_links_bg":"","ocean_menu_social_hover_links_bg":"","ocean_menu_social_links_color":"","ocean_menu_social_hover_links_color":"","ocean_disable_title":"default","ocean_disable_heading":"default","ocean_post_title":"","ocean_post_subheading":"","ocean_post_title_style":"","ocean_post_title_background_color":"","ocean_post_title_background":0,"ocean_post_title_bg_image_position":"","ocean_post_title_bg_image_attachment":"","ocean_post_title_bg_image_repeat":"","ocean_post_title_bg_image_size":"","ocean_post_title_height":0,"ocean_post_title_bg_overlay":0.5,"ocean_post_title_bg_overlay_color":"","ocean_disable_breadcrumbs":"default","ocean_breadcrumbs_color":"","ocean_breadcrumbs_separator_color":"","ocean_breadcrumbs_links_color":"","ocean_breadcrumbs_links_hover_color":"","ocean_display_footer_widgets":"off","ocean_display_footer_bottom":"default","ocean_custom_footer_template":"0","footnotes":""},"class_list":["post-35","page","type-page","status-publish","hentry","entry"],"_links":{"self":[{"href":"https:\/\/cdl-meri.boku.ac.at\/wordpress\/wp-json\/wp\/v2\/pages\/35","targetHints":{"allow":["GET"]}}],"collection":[{"href":"https:\/\/cdl-meri.boku.ac.at\/wordpress\/wp-json\/wp\/v2\/pages"}],"about":[{"href":"https:\/\/cdl-meri.boku.ac.at\/wordpress\/wp-json\/wp\/v2\/types\/page"}],"author":[{"embeddable":true,"href":"https:\/\/cdl-meri.boku.ac.at\/wordpress\/wp-json\/wp\/v2\/users\/1"}],"replies":[{"embeddable":true,"href":"https:\/\/cdl-meri.boku.ac.at\/wordpress\/wp-json\/wp\/v2\/comments?post=35"}],"version-history":[{"count":23,"href":"https:\/\/cdl-meri.boku.ac.at\/wordpress\/wp-json\/wp\/v2\/pages\/35\/revisions"}],"predecessor-version":[{"id":1002,"href":"https:\/\/cdl-meri.boku.ac.at\/wordpress\/wp-json\/wp\/v2\/pages\/35\/revisions\/1002"}],"wp:attachment":[{"href":"https:\/\/cdl-meri.boku.ac.at\/wordpress\/wp-json\/wp\/v2\/media?parent=35"}],"curies":[{"name":"wp","href":"https:\/\/api.w.org\/{rel}","templated":true}]}}