{"id":37,"date":"2021-10-01T12:59:23","date_gmt":"2021-10-01T10:59:23","guid":{"rendered":"https:\/\/cdl-meri.boku.ac.at\/wordpress\/?page_id=37"},"modified":"2022-03-16T14:09:54","modified_gmt":"2022-03-16T13:09:54","slug":"unternehmenspartner","status":"publish","type":"page","link":"https:\/\/cdl-meri.boku.ac.at\/wordpress\/unternehmenspartner\/","title":{"rendered":"Unternehmenspartner"},"content":{"rendered":"\t\t<div data-elementor-type=\"wp-page\" data-elementor-id=\"37\" class=\"elementor elementor-37\" data-elementor-post-type=\"page\">\n\t\t\t\t\t\t<section class=\"elementor-section elementor-top-section elementor-element elementor-element-8ea94a1 elementor-section-boxed elementor-section-height-default elementor-section-height-default\" data-id=\"8ea94a1\" data-element_type=\"section\" data-e-type=\"section\">\n\t\t\t\t\t\t<div class=\"elementor-container elementor-column-gap-default\">\n\t\t\t\t\t<div class=\"elementor-column elementor-col-100 elementor-top-column elementor-element elementor-element-6ad8639\" data-id=\"6ad8639\" data-element_type=\"column\" data-e-type=\"column\">\n\t\t\t<div class=\"elementor-widget-wrap\">\n\t\t\t\t\t\t\t<\/div>\n\t\t<\/div>\n\t\t\t\t\t<\/div>\n\t\t<\/section>\n\t\t\t\t<section class=\"elementor-section elementor-top-section elementor-element elementor-element-16ed7de elementor-section-boxed elementor-section-height-default elementor-section-height-default\" data-id=\"16ed7de\" data-element_type=\"section\" data-e-type=\"section\">\n\t\t\t\t\t\t<div class=\"elementor-container elementor-column-gap-default\">\n\t\t\t\t\t<div class=\"elementor-column elementor-col-33 elementor-top-column elementor-element elementor-element-5a150c4\" data-id=\"5a150c4\" data-element_type=\"column\" data-e-type=\"column\">\n\t\t\t<div class=\"elementor-widget-wrap elementor-element-populated\">\n\t\t\t\t\t\t<div class=\"elementor-element elementor-element-40087a9 animated-slow elementor-invisible elementor-widget elementor-widget-image\" data-id=\"40087a9\" data-element_type=\"widget\" data-e-type=\"widget\" data-settings=\"{&quot;_animation&quot;:&quot;fadeInLeft&quot;,&quot;_animation_delay&quot;:100}\" data-widget_type=\"image.default\">\n\t\t\t\t<div class=\"elementor-widget-container\">\n\t\t\t\t\t\t\t\t\t\t\t\t\t\t\t\t<a href=\"https:\/\/www.viadonau.org\/home\">\n\t\t\t\t\t\t\t<img fetchpriority=\"high\" decoding=\"async\" width=\"1024\" height=\"421\" src=\"https:\/\/cdl-meri.boku.ac.at\/wordpress\/wp-content\/uploads\/2021\/10\/viadonau_logo_300dpi-1024x421.jpg\" class=\"attachment-large size-large wp-image-74\" alt=\"\" srcset=\"https:\/\/cdl-meri.boku.ac.at\/wordpress\/wp-content\/uploads\/2021\/10\/viadonau_logo_300dpi-1024x421.jpg 1024w, https:\/\/cdl-meri.boku.ac.at\/wordpress\/wp-content\/uploads\/2021\/10\/viadonau_logo_300dpi-300x123.jpg 300w, https:\/\/cdl-meri.boku.ac.at\/wordpress\/wp-content\/uploads\/2021\/10\/viadonau_logo_300dpi-768x316.jpg 768w, https:\/\/cdl-meri.boku.ac.at\/wordpress\/wp-content\/uploads\/2021\/10\/viadonau_logo_300dpi-1536x631.jpg 1536w, https:\/\/cdl-meri.boku.ac.at\/wordpress\/wp-content\/uploads\/2021\/10\/viadonau_logo_300dpi.jpg 1626w\" sizes=\"(max-width: 1024px) 100vw, 1024px\" \/>\t\t\t\t\t\t\t\t<\/a>\n\t\t\t\t\t\t\t\t\t\t\t\t\t\t\t<\/div>\n\t\t\t\t<\/div>\n\t\t\t\t\t<\/div>\n\t\t<\/div>\n\t\t\t\t<div class=\"elementor-column elementor-col-33 elementor-top-column elementor-element elementor-element-27a14cd\" data-id=\"27a14cd\" data-element_type=\"column\" data-e-type=\"column\">\n\t\t\t<div class=\"elementor-widget-wrap elementor-element-populated\">\n\t\t\t\t\t\t<div class=\"elementor-element elementor-element-5e1fa83 animated-slow elementor-invisible elementor-widget elementor-widget-image\" data-id=\"5e1fa83\" data-element_type=\"widget\" data-e-type=\"widget\" data-settings=\"{&quot;_animation&quot;:&quot;fadeInDown&quot;,&quot;_animation_delay&quot;:100}\" data-widget_type=\"image.default\">\n\t\t\t\t<div class=\"elementor-widget-container\">\n\t\t\t\t\t\t\t\t\t\t\t\t\t\t\t\t<a href=\"https:\/\/www.verbund.com\/de-at\/ueber-verbund\/kraftwerke\">\n\t\t\t\t\t\t\t<img decoding=\"async\" width=\"768\" height=\"354\" src=\"https:\/\/cdl-meri.boku.ac.at\/wordpress\/wp-content\/uploads\/2021\/10\/VERBUND-Logo-RGB.jpg\" class=\"attachment-large size-large wp-image-73\" alt=\"\" srcset=\"https:\/\/cdl-meri.boku.ac.at\/wordpress\/wp-content\/uploads\/2021\/10\/VERBUND-Logo-RGB.jpg 768w, https:\/\/cdl-meri.boku.ac.at\/wordpress\/wp-content\/uploads\/2021\/10\/VERBUND-Logo-RGB-300x138.jpg 300w\" sizes=\"(max-width: 768px) 100vw, 768px\" \/>\t\t\t\t\t\t\t\t<\/a>\n\t\t\t\t\t\t\t\t\t\t\t\t\t\t\t<\/div>\n\t\t\t\t<\/div>\n\t\t\t\t\t<\/div>\n\t\t<\/div>\n\t\t\t\t<div class=\"elementor-column elementor-col-33 elementor-top-column elementor-element elementor-element-2d18f2a\" data-id=\"2d18f2a\" data-element_type=\"column\" data-e-type=\"column\">\n\t\t\t<div class=\"elementor-widget-wrap elementor-element-populated\">\n\t\t\t\t\t\t<div class=\"elementor-element elementor-element-e62c93d animated-slow elementor-invisible elementor-widget elementor-widget-image\" data-id=\"e62c93d\" data-element_type=\"widget\" data-e-type=\"widget\" data-settings=\"{&quot;_animation&quot;:&quot;fadeInRight&quot;,&quot;_animation_delay&quot;:100}\" data-widget_type=\"image.default\">\n\t\t\t\t<div class=\"elementor-widget-container\">\n\t\t\t\t\t\t\t\t\t\t\t\t\t\t\t\t<a href=\"https:\/\/www.bundesforste.at\/\">\n\t\t\t\t\t\t\t<img decoding=\"async\" width=\"1024\" height=\"242\" src=\"https:\/\/cdl-meri.boku.ac.at\/wordpress\/wp-content\/uploads\/2021\/10\/Bundesforste-1024x242.jpg\" class=\"attachment-large size-large wp-image-68\" alt=\"\" srcset=\"https:\/\/cdl-meri.boku.ac.at\/wordpress\/wp-content\/uploads\/2021\/10\/Bundesforste-1024x242.jpg 1024w, https:\/\/cdl-meri.boku.ac.at\/wordpress\/wp-content\/uploads\/2021\/10\/Bundesforste-300x71.jpg 300w, https:\/\/cdl-meri.boku.ac.at\/wordpress\/wp-content\/uploads\/2021\/10\/Bundesforste-768x181.jpg 768w, https:\/\/cdl-meri.boku.ac.at\/wordpress\/wp-content\/uploads\/2021\/10\/Bundesforste.jpg 1182w\" sizes=\"(max-width: 1024px) 100vw, 1024px\" \/>\t\t\t\t\t\t\t\t<\/a>\n\t\t\t\t\t\t\t\t\t\t\t\t\t\t\t<\/div>\n\t\t\t\t<\/div>\n\t\t\t\t\t<\/div>\n\t\t<\/div>\n\t\t\t\t\t<\/div>\n\t\t<\/section>\n\t\t\t\t<section class=\"elementor-section elementor-top-section elementor-element elementor-element-d412089 elementor-section-boxed elementor-section-height-default elementor-section-height-default\" data-id=\"d412089\" data-element_type=\"section\" data-e-type=\"section\">\n\t\t\t\t\t\t<div class=\"elementor-container elementor-column-gap-default\">\n\t\t\t\t\t<div class=\"elementor-column elementor-col-33 elementor-top-column elementor-element elementor-element-683fa17\" data-id=\"683fa17\" data-element_type=\"column\" data-e-type=\"column\">\n\t\t\t<div class=\"elementor-widget-wrap elementor-element-populated\">\n\t\t\t\t\t\t<div class=\"elementor-element elementor-element-4d9e131 elementor-widget elementor-widget-heading\" data-id=\"4d9e131\" data-element_type=\"widget\" data-e-type=\"widget\" data-widget_type=\"heading.default\">\n\t\t\t\t<div class=\"elementor-widget-container\">\n\t\t\t\t\t<h2 class=\"elementor-heading-title elementor-size-default\"><a href=\"https:\/\/www.viadonau.org\/home\">Viadonau<\/a><\/h2>\t\t\t\t<\/div>\n\t\t\t\t<\/div>\n\t\t\t\t\t<\/div>\n\t\t<\/div>\n\t\t\t\t<div class=\"elementor-column elementor-col-33 elementor-top-column elementor-element elementor-element-b8bf560\" data-id=\"b8bf560\" data-element_type=\"column\" data-e-type=\"column\">\n\t\t\t<div class=\"elementor-widget-wrap elementor-element-populated\">\n\t\t\t\t\t\t<div class=\"elementor-element elementor-element-aaad733 elementor-widget elementor-widget-heading\" data-id=\"aaad733\" data-element_type=\"widget\" data-e-type=\"widget\" data-widget_type=\"heading.default\">\n\t\t\t\t<div class=\"elementor-widget-container\">\n\t\t\t\t\t<h2 class=\"elementor-heading-title elementor-size-default\"><a href=\"https:\/\/www.verbund.com\/de-at\/ueber-verbund\/kraftwerke\">Verbund<\/a><\/h2>\t\t\t\t<\/div>\n\t\t\t\t<\/div>\n\t\t\t\t\t<\/div>\n\t\t<\/div>\n\t\t\t\t<div class=\"elementor-column elementor-col-33 elementor-top-column elementor-element elementor-element-7ad23d5\" data-id=\"7ad23d5\" data-element_type=\"column\" data-e-type=\"column\">\n\t\t\t<div class=\"elementor-widget-wrap elementor-element-populated\">\n\t\t\t\t\t\t<div class=\"elementor-element elementor-element-281c879 elementor-widget elementor-widget-heading\" data-id=\"281c879\" data-element_type=\"widget\" data-e-type=\"widget\" data-widget_type=\"heading.default\">\n\t\t\t\t<div class=\"elementor-widget-container\">\n\t\t\t\t\t<h2 class=\"elementor-heading-title elementor-size-default\"><a href=\"https:\/\/www.bundesforste.at\/\">Bundesforste <\/a><\/h2>\t\t\t\t<\/div>\n\t\t\t\t<\/div>\n\t\t\t\t\t<\/div>\n\t\t<\/div>\n\t\t\t\t\t<\/div>\n\t\t<\/section>\n\t\t\t\t<section class=\"elementor-section elementor-top-section elementor-element elementor-element-8c93d56 elementor-section-boxed elementor-section-height-default elementor-section-height-default\" data-id=\"8c93d56\" data-element_type=\"section\" data-e-type=\"section\">\n\t\t\t\t\t\t<div class=\"elementor-container elementor-column-gap-default\">\n\t\t\t\t\t<div class=\"elementor-column elementor-col-33 elementor-top-column elementor-element elementor-element-a01ef8d\" data-id=\"a01ef8d\" data-element_type=\"column\" data-e-type=\"column\">\n\t\t\t<div class=\"elementor-widget-wrap elementor-element-populated\">\n\t\t\t\t\t\t<div class=\"elementor-element elementor-element-aea95b6 elementor-widget elementor-widget-text-editor\" data-id=\"aea95b6\" data-element_type=\"widget\" data-e-type=\"widget\" data-widget_type=\"text-editor.default\">\n\t\t\t\t<div class=\"elementor-widget-container\">\n\t\t\t\t\t\t\t\t\t<p>Die \u00f6sterreichische Wasserstra\u00dfengesellschaft viadonau ist ein Unternehmen des Bundesministeriums f\u00fcr Klimaschutz, Umwelt, Energie, Mobilit\u00e4t, Innovationund Technologie (BMK).<br \/><br \/>Das Unternehmen betreut 378 Flusskilometer in \u00d6sterreich, rund 300 Kilometer Hochwasserschutzd\u00e4mme an Donau, March und Thaya, sorgt an neun Donauschleusenf\u00fcr ein sicheres und effizientes Verkehrsmanagement und pflegt 500 Kilometer Treppelwege sowie 250 Kilometer Radwege. Etwa 260 Mitarbeiterinnen und Mitarbeiter sind t\u00e4glich f\u00fcr Pflege, Schutz, Sicherheit und Entwicklung des Donauraums im Einsatz.<br \/><br \/>\u201eUmwelt\u201c ist neben \u201eMobilit\u00e4t\u201c und \u201eSicherheit\u201c eine der drei S\u00e4ulen der Unternehmenst\u00e4tigkeit. Die Bewahrung und Verbesserung des Lebensraumes Donausoll durch ein naturnahes und \u00f6kologisches Naturraummanagement sowie durch Ma\u00dfnahmen zum Erhalt der Artenvielfalt und zur Umweltvertr\u00e4glichkeit der \u00f6sterreichischen Donauschifffahrt erreicht werden.<br \/><br \/>Das Christian Doppler Labor MERI soll wissenschaftliche Grundlagen zur Optimierung der Umweltaktivit\u00e4ten und Renaturierungsvorhaben der viadonau schaffen.Es tr\u00e4gt dazu bei, die \u00f6kologischen Ma\u00dfnahmen der wesentlichen Akteure an der Donau aufeinander abzustimmen, um gemeinsam an dem Ziel der Erreichung bzw. nachhaltigen Sicherung des guten \u00f6kologischen Zustandes gem\u00e4\u00df der EU Wasserrahmenrichtlinie zu arbeiten.viadonau kann hier ihr umfangreiches Know-How bei der Renaturierung von Wasserstra\u00dfen einbringen.<\/p>\t\t\t\t\t\t\t\t<\/div>\n\t\t\t\t<\/div>\n\t\t\t\t\t<\/div>\n\t\t<\/div>\n\t\t\t\t<div class=\"elementor-column elementor-col-33 elementor-top-column elementor-element elementor-element-c419e1d\" data-id=\"c419e1d\" data-element_type=\"column\" data-e-type=\"column\">\n\t\t\t<div class=\"elementor-widget-wrap elementor-element-populated\">\n\t\t\t\t\t\t<div class=\"elementor-element elementor-element-0f88c15 elementor-widget elementor-widget-text-editor\" data-id=\"0f88c15\" data-element_type=\"widget\" data-e-type=\"widget\" data-widget_type=\"text-editor.default\">\n\t\t\t\t<div class=\"elementor-widget-container\">\n\t\t\t\t\t\t\t\t\t<p>VERBUND ist \u00d6sterreichs f\u00fchrendes Energieunternehmen und einer der gr\u00f6\u00dften Erzeuger von Strom aus Wasserkraft in Europa. An die 100% unserer Erzeugung von Strom wird aus klimafreundlicher, erneuerbarer Wasserkraft sowie Wind und Photovoltaik gewonnen.<\/p><p>VERBUND investiert in den Umweltschutz sowie in \u00f6kologische Ma\u00dfnahmen, um die Artenvielfalt von Tieren und Pflanzen zu sichern und zu verbessern. F\u00fcr Gew\u00e4sserrenaturierungen und zur Herstellung der Durchg\u00e4ngigkeit von Fl\u00fcssen sind bis 2030 Ausgaben von rund 280 Mio. \u20ac vorgesehen.<\/p><p>Entlang unserer Gew\u00e4sser werden, wo immer m\u00f6glich, zus\u00e4tzliche Lebensr\u00e4ume und R\u00fcckzugsm\u00f6glichkeiten f\u00fcr selten gewordene Arten geschaffen. Die \u00f6kologischen Verbesserungen nutzen nicht nur Fischen, sondern allen Organismen rund um die Ressource Wasser. Dabei achtet VERBUND auf die bestm\u00f6gliche Verbindung mit bereits bestehenden Projekten, um m\u00f6glichst gro\u00dfe Synergien der Umweltma\u00dfnahmen zu erreichen.<\/p><p>Durch das CD Labor MERI erwartet VERBUND wissenschaftlich abgesicherte Aussagen zur gro\u00dfr\u00e4umigen Wirkung unserer an der Donau bereits umgesetzten \u00f6kologischen Verbesserungsma\u00dfnahmen. Die langfristigen und kumulativen positiven Wirkungen von gro\u00dfen naturnahen Renaturierungsprojekten sollen so besser beurteilt werden k\u00f6nnen.<\/p><p>Aufbauend auf diesen Erkenntnissen k\u00f6nnen wirkungsorientierte Strategien zur Ma\u00dfnahmenplanung im Wasserkraftwerksbau erarbeitet und ein im \u00f6kologischen Sinn ergebnisorientierter Mitteleinsatz gew\u00e4hrleistet werden.<\/p><p>Die wissenschaftlichen Grundlagen schaffen ein besseres Prozessverst\u00e4ndnis des Meta-\u00d6kosystems Donau bzw. gro\u00dfer Fl\u00fcsse und unterst\u00fctzen bei der Erarbeitung von integrativen Leitlinien zur nachhaltigen Nutzung und dem Erhalt nat\u00fcrlicher Ressourcen.<br \/><br \/>Schlie\u00dflich erhofft VERBUND aus dem CD Labor MERI Aussagen, wie zuk\u00fcnftige Renaturierungsma\u00dfnahmen sowohl \u00f6kologisch als auch \u00f6konomisch noch genauer geplant und umgesetzt werden k\u00f6nnen. Damit sollen die Ziele der gew\u00e4sser\u00f6kologischen Aufwertung unserer Gew\u00e4sser langfristig sichergestellt werden.<\/p>\t\t\t\t\t\t\t\t<\/div>\n\t\t\t\t<\/div>\n\t\t\t\t\t<\/div>\n\t\t<\/div>\n\t\t\t\t<div class=\"elementor-column elementor-col-33 elementor-top-column elementor-element elementor-element-19250ef\" data-id=\"19250ef\" data-element_type=\"column\" data-e-type=\"column\">\n\t\t\t<div class=\"elementor-widget-wrap\">\n\t\t\t\t\t\t\t<\/div>\n\t\t<\/div>\n\t\t\t\t\t<\/div>\n\t\t<\/section>\n\t\t\t\t<section class=\"elementor-section elementor-inner-section elementor-element elementor-element-26de40eb elementor-section-boxed elementor-section-height-default elementor-section-height-default\" data-id=\"26de40eb\" data-element_type=\"section\" data-e-type=\"section\">\n\t\t\t\t\t\t<div class=\"elementor-container elementor-column-gap-default\">\n\t\t\t\t\t<div class=\"elementor-column elementor-col-50 elementor-inner-column elementor-element elementor-element-6cc37701\" data-id=\"6cc37701\" data-element_type=\"column\" data-e-type=\"column\">\n\t\t\t<div class=\"elementor-widget-wrap elementor-element-populated\">\n\t\t\t\t\t\t<div class=\"elementor-element elementor-element-66fc1345 elementor-widget elementor-widget-heading\" data-id=\"66fc1345\" data-element_type=\"widget\" data-e-type=\"widget\" data-widget_type=\"heading.default\">\n\t\t\t\t<div class=\"elementor-widget-container\">\n\t\t\t\t\t<h2 class=\"elementor-heading-title elementor-size-default\">Christian Doppler Forschungsgesellschaft<\/h2>\t\t\t\t<\/div>\n\t\t\t\t<\/div>\n\t\t\t\t<div class=\"elementor-element elementor-element-5e6b6ac8 elementor-widget elementor-widget-text-editor\" data-id=\"5e6b6ac8\" data-element_type=\"widget\" data-e-type=\"widget\" data-widget_type=\"text-editor.default\">\n\t\t\t\t<div class=\"elementor-widget-container\">\n\t\t\t\t\t\t\t\t\t<p>Die Christian Doppler Forschungsgesellschaft f\u00f6rdert die Kooperation von Wissenschaft und Wirtschaft. Konkret geschieht dies in eigens eingerichteten Forschungseinheiten mit fixen Laufzeiten, in denen anwendungsorientierte Grundlagenforschung betrieben wird: Christian Doppler Labors an Universit\u00e4ten und au\u00dferuniversit\u00e4ren Forschungseinrichtungen, Josef Ressel Zentren an Fachhochschulen.<\/p><p>Unter der Leitung von hoch qualifizierten WissenschafterInnen arbeiten Forschungsgruppen in engem Kontakt zu den Unternehmenspartnern an innovativen Antworten auf unternehmerische Forschungsfragen.<\/p>\t\t\t\t\t\t\t\t<\/div>\n\t\t\t\t<\/div>\n\t\t\t\t\t<\/div>\n\t\t<\/div>\n\t\t\t\t<div class=\"elementor-column elementor-col-50 elementor-inner-column elementor-element elementor-element-59909e08\" data-id=\"59909e08\" data-element_type=\"column\" data-e-type=\"column\">\n\t\t\t<div class=\"elementor-widget-wrap elementor-element-populated\">\n\t\t\t\t\t\t<div class=\"elementor-element elementor-element-753a7b43 elementor-widget elementor-widget-heading\" data-id=\"753a7b43\" data-element_type=\"widget\" data-e-type=\"widget\" data-widget_type=\"heading.default\">\n\t\t\t\t<div class=\"elementor-widget-container\">\n\t\t\t\t\t<h2 class=\"elementor-heading-title elementor-size-default\">CD-Labor<\/h2>\t\t\t\t<\/div>\n\t\t\t\t<\/div>\n\t\t\t\t<div class=\"elementor-element elementor-element-9d07a3c elementor-widget elementor-widget-heading\" data-id=\"9d07a3c\" data-element_type=\"widget\" data-e-type=\"widget\" data-widget_type=\"heading.default\">\n\t\t\t\t<div class=\"elementor-widget-container\">\n\t\t\t\t\t<h2 class=\"elementor-heading-title elementor-size-default\">Das CD-Modell erm\u00f6glicht Kooperationen von Wissenschaft und Wirtschaft, die sowohl f\u00fcr die beteiligten Partner als auch f\u00fcr die Gesellschaft sinnvoll, n\u00fctzlich und fruchtbar sind. Die Kooperationen gestalten sich in der Regel in folgender Weise: Die Forschungsgruppe erarbeitet Grundlagenwissen, welches beim Unternehmenspartner in die Entwicklung neuer Produkte und Verfahren einflie\u00dft. W\u00e4hrend der gesamten Zusammenarbeit herrscht ein permanenter Wissens-, Erfahrungs- und Fragenaustausch zwischen den Partnern. Damit unterscheidet sich diese Art der Forschungskooperation grundlegend von einer Auftragsforschung.<\/h2>\t\t\t\t<\/div>\n\t\t\t\t<\/div>\n\t\t\t\t\t<\/div>\n\t\t<\/div>\n\t\t\t\t\t<\/div>\n\t\t<\/section>\n\t\t\t\t<\/div>\n\t\t","protected":false},"excerpt":{"rendered":"<p>Viadonau Verbund Bundesforste Die \u00f6sterreichische Wasserstra\u00dfengesellschaft viadonau ist ein Unternehmen des Bundesministeriums f\u00fcr Klimaschutz, Umwelt, Energie, Mobilit\u00e4t, Innovationund Technologie (BMK). Das Unternehmen betreut 378 Flusskilometer in \u00d6sterreich, rund 300 Kilometer Hochwasserschutzd\u00e4mme an Donau, March und Thaya, sorgt an neun Donauschleusenf\u00fcr ein sicheres und effizientes Verkehrsmanagement und pflegt 500 Kilometer Treppelwege sowie 250 Kilometer Radwege. Etwa [&hellip;]<\/p>\n","protected":false},"author":1,"featured_media":0,"parent":0,"menu_order":0,"comment_status":"closed","ping_status":"closed","template":"","meta":{"ocean_post_layout":"full-screen","ocean_both_sidebars_style":"","ocean_both_sidebars_content_width":0,"ocean_both_sidebars_sidebars_width":0,"ocean_sidebar":"0","ocean_second_sidebar":"0","ocean_disable_margins":"enable","ocean_add_body_class":"","ocean_shortcode_before_top_bar":"","ocean_shortcode_after_top_bar":"","ocean_shortcode_before_header":"","ocean_shortcode_after_header":"","ocean_has_shortcode":"","ocean_shortcode_after_title":"","ocean_shortcode_before_footer_widgets":"","ocean_shortcode_after_footer_widgets":"","ocean_shortcode_before_footer_bottom":"","ocean_shortcode_after_footer_bottom":"","ocean_display_top_bar":"off","ocean_display_header":"default","ocean_header_style":"","ocean_center_header_left_menu":"0","ocean_custom_header_template":"0","ocean_custom_logo":0,"ocean_custom_retina_logo":0,"ocean_custom_logo_max_width":0,"ocean_custom_logo_tablet_max_width":0,"ocean_custom_logo_mobile_max_width":0,"ocean_custom_logo_max_height":0,"ocean_custom_logo_tablet_max_height":0,"ocean_custom_logo_mobile_max_height":0,"ocean_header_custom_menu":"0","ocean_menu_typo_font_family":"0","ocean_menu_typo_font_subset":"","ocean_menu_typo_font_size":0,"ocean_menu_typo_font_size_tablet":0,"ocean_menu_typo_font_size_mobile":0,"ocean_menu_typo_font_size_unit":"px","ocean_menu_typo_font_weight":"","ocean_menu_typo_font_weight_tablet":"","ocean_menu_typo_font_weight_mobile":"","ocean_menu_typo_transform":"","ocean_menu_typo_transform_tablet":"","ocean_menu_typo_transform_mobile":"","ocean_menu_typo_line_height":0,"ocean_menu_typo_line_height_tablet":0,"ocean_menu_typo_line_height_mobile":0,"ocean_menu_typo_line_height_unit":"","ocean_menu_typo_spacing":0,"ocean_menu_typo_spacing_tablet":0,"ocean_menu_typo_spacing_mobile":0,"ocean_menu_typo_spacing_unit":"","ocean_menu_link_color":"","ocean_menu_link_color_hover":"","ocean_menu_link_color_active":"","ocean_menu_link_background":"","ocean_menu_link_hover_background":"","ocean_menu_link_active_background":"","ocean_menu_social_links_bg":"","ocean_menu_social_hover_links_bg":"","ocean_menu_social_links_color":"","ocean_menu_social_hover_links_color":"","ocean_disable_title":"default","ocean_disable_heading":"default","ocean_post_title":"","ocean_post_subheading":"","ocean_post_title_style":"","ocean_post_title_background_color":"","ocean_post_title_background":0,"ocean_post_title_bg_image_position":"","ocean_post_title_bg_image_attachment":"","ocean_post_title_bg_image_repeat":"","ocean_post_title_bg_image_size":"","ocean_post_title_height":0,"ocean_post_title_bg_overlay":0.5,"ocean_post_title_bg_overlay_color":"","ocean_disable_breadcrumbs":"default","ocean_breadcrumbs_color":"","ocean_breadcrumbs_separator_color":"","ocean_breadcrumbs_links_color":"","ocean_breadcrumbs_links_hover_color":"","ocean_display_footer_widgets":"off","ocean_display_footer_bottom":"off","ocean_custom_footer_template":"0","footnotes":""},"class_list":["post-37","page","type-page","status-publish","hentry","entry"],"_links":{"self":[{"href":"https:\/\/cdl-meri.boku.ac.at\/wordpress\/wp-json\/wp\/v2\/pages\/37","targetHints":{"allow":["GET"]}}],"collection":[{"href":"https:\/\/cdl-meri.boku.ac.at\/wordpress\/wp-json\/wp\/v2\/pages"}],"about":[{"href":"https:\/\/cdl-meri.boku.ac.at\/wordpress\/wp-json\/wp\/v2\/types\/page"}],"author":[{"embeddable":true,"href":"https:\/\/cdl-meri.boku.ac.at\/wordpress\/wp-json\/wp\/v2\/users\/1"}],"replies":[{"embeddable":true,"href":"https:\/\/cdl-meri.boku.ac.at\/wordpress\/wp-json\/wp\/v2\/comments?post=37"}],"version-history":[{"count":39,"href":"https:\/\/cdl-meri.boku.ac.at\/wordpress\/wp-json\/wp\/v2\/pages\/37\/revisions"}],"predecessor-version":[{"id":1008,"href":"https:\/\/cdl-meri.boku.ac.at\/wordpress\/wp-json\/wp\/v2\/pages\/37\/revisions\/1008"}],"wp:attachment":[{"href":"https:\/\/cdl-meri.boku.ac.at\/wordpress\/wp-json\/wp\/v2\/media?parent=37"}],"curies":[{"name":"wp","href":"https:\/\/api.w.org\/{rel}","templated":true}]}}